{"id":12,"date":"2024-09-09T15:18:31","date_gmt":"2024-09-09T13:18:31","guid":{"rendered":"https:\/\/aotlcyclisme.fr\/?page_id=12"},"modified":"2024-09-15T08:13:20","modified_gmt":"2024-09-15T06:13:20","slug":"accueil","status":"publish","type":"page","link":"https:\/\/aotlcyclisme.fr\/","title":{"rendered":"Accueil"},"content":{"rendered":"<p style=\"text-align: center;\"><strong><span style=\"font-family: tahoma, arial, helvetica, sans-serif; font-size: 24pt;\">\u00c9cole de VTT AOTL Cyclisme<\/span><\/strong><\/p>\n<p style=\"text-align: center;\"><img loading=\"lazy\" decoding=\"async\" class=\"alignnone wp-image-103\" src=\"http:\/\/aotlcyclisme.fr\/wp-content\/uploads\/2024\/09\/groupeEnfants-300x129.png\" alt=\"\" width=\"610\" height=\"262\" srcset=\"https:\/\/aotlcyclisme.fr\/wp-content\/uploads\/2024\/09\/groupeEnfants-300x129.png 300w, https:\/\/aotlcyclisme.fr\/wp-content\/uploads\/2024\/09\/groupeEnfants.png 512w\" sizes=\"auto, (max-width: 610px) 100vw, 610px\" \/><\/p>\n<h4 style=\"text-align: center;\"><strong>Les entrainements ont repris le samedi 14 septembre 2024 \u00e0 9h45 au stade de Brocarel.<\/strong><\/h4>\n<p><span style=\"font-family: tahoma, arial, helvetica, sans-serif;\">Vous cherchez \u00e0 ma\u00eetriser l&#8217;art du VTT ou simplement \u00e0 d\u00e9couvrir les joies du v\u00e9lo tout terrain ? Vous \u00eates au bon endroit ! Notre \u00e9cole de VTT propose des cours pour tous les \u00e2ges et niveaux, que vous soyez d\u00e9butant, interm\u00e9diaire ou expert.<\/span><\/p>\n<h4><span style=\"font-family: tahoma, arial, helvetica, sans-serif;\">Ce que nous offrons :<\/span><\/h4>\n<ul>\n<li><span style=\"font-family: tahoma, arial, helvetica, sans-serif;\"><strong>Cours pour d\u00e9butants<\/strong> : Apprenez les bases du VTT, y compris la s\u00e9curit\u00e9, la position sur le v\u00e9lo, le freinage, et les techniques de base pour rouler en toute confiance sur les sentiers.<\/span><\/li>\n<li><span style=\"font-family: tahoma, arial, helvetica, sans-serif;\"><strong>Sessions pour niveaux interm\u00e9diaires<\/strong> : Perfectionnez vos comp\u00e9tences en d\u00e9couvrant des techniques avanc\u00e9es, comme la gestion des descentes, les virages serr\u00e9s, et les franchissements d&#8217;obstacles.<\/span><\/li>\n<li><span style=\"font-family: tahoma, arial, helvetica, sans-serif;\"><strong>Stages experts<\/strong> : D\u00e9veloppez vos comp\u00e9tences sur des terrains techniques avec des exercices sp\u00e9cialis\u00e9s, des descentes engag\u00e9es, et des man\u0153uvres pr\u00e9cises pour ma\u00eetriser tous les aspects du VTT.<\/span><\/li>\n<li><span style=\"font-family: tahoma, arial, helvetica, sans-serif;\"><strong>Sorties guid\u00e9es<\/strong> : Profitez de nos sorties encadr\u00e9es par des moniteurs certifi\u00e9s pour explorer les plus beaux sentiers de la r\u00e9gion tout en mettant en pratique vos comp\u00e9tences.<\/span><\/li>\n<li><span style=\"font-family: tahoma, arial, helvetica, sans-serif;\"><strong>Entra\u00eenements personnalis\u00e9s<\/strong> : B\u00e9n\u00e9ficiez d\u2019un programme d\u2019entra\u00eenement sur mesure en fonction de vos objectifs, qu&#8217;il s&#8217;agisse de pr\u00e9parer une comp\u00e9tition ou de simplement am\u00e9liorer votre condition physique.<\/span><\/li>\n<\/ul>\n<p><img loading=\"lazy\" decoding=\"async\" class=\"alignnone size-medium wp-image-99\" src=\"http:\/\/aotlcyclisme.fr\/wp-content\/uploads\/2024\/09\/Ride-300x192.png\" alt=\"\" width=\"300\" height=\"192\" srcset=\"https:\/\/aotlcyclisme.fr\/wp-content\/uploads\/2024\/09\/Ride-300x192.png 300w, https:\/\/aotlcyclisme.fr\/wp-content\/uploads\/2024\/09\/Ride-600x384.png 600w, https:\/\/aotlcyclisme.fr\/wp-content\/uploads\/2024\/09\/Ride-1024x655.png 1024w, https:\/\/aotlcyclisme.fr\/wp-content\/uploads\/2024\/09\/Ride-768x491.png 768w, https:\/\/aotlcyclisme.fr\/wp-content\/uploads\/2024\/09\/Ride-1536x982.png 1536w, https:\/\/aotlcyclisme.fr\/wp-content\/uploads\/2024\/09\/Ride-2048x1310.png 2048w\" sizes=\"auto, (max-width: 300px) 100vw, 300px\" \/><\/p>\n<h4><span style=\"font-family: tahoma, arial, helvetica, sans-serif;\">Pourquoi nous choisir ?<\/span><\/h4>\n<ul>\n<li><span style=\"font-family: tahoma, arial, helvetica, sans-serif;\"><strong>Des moniteurs certifi\u00e9s<\/strong> : Tous nos instructeurs sont dipl\u00f4m\u00e9s et poss\u00e8dent une grande exp\u00e9rience en VTT. Ils sauront vous guider avec p\u00e9dagogie et enthousiasme.<\/span><\/li>\n<li><span style=\"font-family: tahoma, arial, helvetica, sans-serif;\"><strong>Environnement s\u00e9curis\u00e9 et convivial<\/strong> : Nos cours sont dispens\u00e9s dans un cadre naturel exceptionnel, sur des pistes sp\u00e9cialement am\u00e9nag\u00e9es pour un apprentissage en toute s\u00e9curit\u00e9.<\/span><\/li>\n<\/ul>\n<h4><span style=\"font-family: tahoma, arial, helvetica, sans-serif;\">Rejoignez-nous !<\/span><\/h4>\n<p><span style=\"font-family: tahoma, arial, helvetica, sans-serif;\">Que vous souhaitiez vous initier au VTT, vous perfectionner ou tout simplement profiter de belles balades en pleine nature, l\u2019\u00c9cole de VTT <em><strong>AOTL Cyclisme<\/strong><\/em> est l\u00e0 pour vous accompagner dans votre passion du v\u00e9lo. N\u2019h\u00e9sitez pas \u00e0 nous contacter pour plus d\u2019informations ou pour vous inscrire \u00e0 nos cours.<\/span><\/p>\n<p style=\"text-align: center;\"><span style=\"font-family: tahoma, arial, helvetica, sans-serif;\"><strong><em>Nous joindre<\/em><\/strong> : <a href=\"mailto:contact@aotlcyclisme.fr\">contact@aotlcyclisme.fr<\/a><\/span><\/p>\n","protected":false},"excerpt":{"rendered":"<p>\u00c9cole de VTT AOTL Cyclisme Les entrainements ont repris le samedi 14 septembre 2024 \u00e0 9h45 au stade de Brocarel. Vous cherchez \u00e0 ma\u00eetriser l&#8217;art du VTT ou simplement \u00e0 d\u00e9couvrir les joies du v\u00e9lo tout terrain ? Vous \u00eates au bon endroit ! Notre \u00e9cole de VTT propose des cours pour tous les \u00e2ges [&hellip;]<\/p>\n","protected":false},"author":1,"featured_media":0,"parent":0,"menu_order":0,"comment_status":"closed","ping_status":"closed","template":"","meta":{"ngg_post_thumbnail":0,"footnotes":""},"folder":[8],"class_list":["post-12","page","type-page","status-publish","hentry"],"_links":{"self":[{"href":"https:\/\/aotlcyclisme.fr\/index.php\/wp-json\/wp\/v2\/pages\/12","targetHints":{"allow":["GET"]}}],"collection":[{"href":"https:\/\/aotlcyclisme.fr\/index.php\/wp-json\/wp\/v2\/pages"}],"about":[{"href":"https:\/\/aotlcyclisme.fr\/index.php\/wp-json\/wp\/v2\/types\/page"}],"author":[{"embeddable":true,"href":"https:\/\/aotlcyclisme.fr\/index.php\/wp-json\/wp\/v2\/users\/1"}],"replies":[{"embeddable":true,"href":"https:\/\/aotlcyclisme.fr\/index.php\/wp-json\/wp\/v2\/comments?post=12"}],"version-history":[{"count":13,"href":"https:\/\/aotlcyclisme.fr\/index.php\/wp-json\/wp\/v2\/pages\/12\/revisions"}],"predecessor-version":[{"id":201,"href":"https:\/\/aotlcyclisme.fr\/index.php\/wp-json\/wp\/v2\/pages\/12\/revisions\/201"}],"wp:attachment":[{"href":"https:\/\/aotlcyclisme.fr\/index.php\/wp-json\/wp\/v2\/media?parent=12"}],"wp:term":[{"taxonomy":"folder","embeddable":true,"href":"https:\/\/aotlcyclisme.fr\/index.php\/wp-json\/wp\/v2\/folder?post=12"}],"curies":[{"name":"wp","href":"https:\/\/api.w.org\/{rel}","templated":true}]}}