{"id":441,"date":"2024-10-10T06:47:03","date_gmt":"2024-10-10T04:47:03","guid":{"rendered":"https:\/\/aotlcyclisme.fr\/?page_id=441"},"modified":"2024-10-17T18:16:57","modified_gmt":"2024-10-17T16:16:57","slug":"reglement-kid-vtt","status":"publish","type":"page","link":"https:\/\/aotlcyclisme.fr\/index.php\/reglement-kid-vtt\/","title":{"rendered":"R\u00e9glement KID VTT"},"content":{"rendered":"<p style=\"text-align: center;\"><strong><span style=\"font-family: tahoma, arial, helvetica, sans-serif;\">ARTICLE 1<\/span><\/strong><\/p>\n<p><span style=\"font-family: tahoma, arial, helvetica, sans-serif;\">Le KID VTT est un challenge ouvert aux licenci\u00e9s de toutes les f\u00e9d\u00e9rations cyclistes.Un classement individuel sera \u00e9tabli.&nbsp;<\/span><\/p>\n<p><span style=\"font-family: tahoma, arial, helvetica, sans-serif;\">Pour les licences non-comp\u00e9tition (UFOLEP loisir), il suffit de pr\u00e9senter un certificat m\u00e9dical de moins d\u2019un an autorisant la pratique du cyclisme en comp\u00e9tition.&nbsp;<\/span><\/p>\n<p><span style=\"font-family: tahoma, arial, helvetica, sans-serif;\">Le challenge sera compos\u00e9 pour la saison 2024\/2025 de minimum trois \u00e9preuves de cross-country d\u00e9di\u00e9es aux kids vtt:&nbsp;&nbsp;<\/span><\/p>\n<ul>\n<li><span style=\"font-family: tahoma, arial, helvetica, sans-serif;\">Courses UFOLEP <\/span><\/li>\n<li><span style=\"font-family: tahoma, arial, helvetica, sans-serif;\">Courses FSGT<\/span><\/li>\n<\/ul>\n<p><span style=\"font-family: tahoma, arial, helvetica, sans-serif;\">Les comp\u00e9titeurs seront soumis au r\u00e8glement de la f\u00e9d\u00e9ration organisatrice et \u00e0 la mise en grille du kid vtt.&nbsp;<\/span><\/p>\n<p>&nbsp;<\/p>\n<p style=\"text-align: center;\"><strong><span style=\"font-family: tahoma, arial, helvetica, sans-serif;\">ARTICLE 2<\/span><\/strong><\/p>\n<p><span style=\"font-family: tahoma, arial, helvetica, sans-serif;\"><b>Pour chaque \u00e9preuve concern\u00e9e sera attribu\u00e9 un classement individuel par l\u2019attribution de points :<\/b>&nbsp;<\/span><\/p>\n<p><span style=\"font-family: tahoma, arial, helvetica, sans-serif;\">25, 20, 17, 15, 13, 11, 10, 9, 8, 7, 6, 5, 4, 3 et 2 points respectivement aux 15 premiers coureurs class\u00e9s de chaque \u00e9preuve puis 1 point \u00e0 tous les autres coureurs class\u00e9s.&nbsp;<\/span><\/p>\n<p><span style=\"font-family: tahoma, arial, helvetica, sans-serif;\">Le classement g\u00e9n\u00e9ral individuel sera \u00e9tabli par l\u2019addition des points obtenus.&nbsp;<\/span><\/p>\n<p><span style=\"font-family: tahoma, arial, helvetica, sans-serif;\">En cas d\u2019ex aequo, les coureurs seront d\u00e9partag\u00e9s par le plus grand nombre de participation, puis de premi\u00e8re place puis, le cas \u00e9ch\u00e9ant, de 2\u00e8me et de 3\u00e8me place. En cas de nouvelle \u00e9galit\u00e9, c\u2019est le classement de la derni\u00e8re \u00e9preuve qui les d\u00e9partagera.&nbsp;<\/span><\/p>\n<p><span style=\"font-family: tahoma, arial, helvetica, sans-serif;\"><strong>Les vainqueurs de l\u2019ann\u00e9e N-1 doivent porter le maillot du KID VTT 06, m\u00eame s\u2019ils courent dans la cat\u00e9gorie sup\u00e9rieure en cas de non respect une p\u00e9nalit\u00e9 de 5 points sera appliqu\u00e9e.<\/strong><\/span><\/p>\n<p>&nbsp;<\/p>\n<p style=\"text-align: center;\"><span style=\"font-family: tahoma, arial, helvetica, sans-serif;\"><strong>ARTICLE 3<\/strong><\/span><\/p>\n<p><span style=\"font-family: tahoma, arial, helvetica, sans-serif;\">Gestion du classement pour la saison 2025 :&nbsp;<\/span><\/p>\n<p><span style=\"font-family: tahoma, arial, helvetica, sans-serif;\">Les commissaires et M. Eric Charmes (AOTL Cyclisme) ont la gestion du challenge et seront en charge de transmettre les r\u00e9sultats pour diffusion.&nbsp;<\/span><\/p>\n<p><span style=\"font-family: tahoma, arial, helvetica, sans-serif;\">Les cas non pr\u00e9vus par ce r\u00e8glement seront \u00e9tudi\u00e9s de fa\u00e7on coll\u00e9giale par des repr\u00e9sentants des clubs organisateurs et les commissaires.&nbsp;<\/span><\/p>\n<p><span data-ccp-props=\"{&quot;134245417&quot;:false,&quot;335559685&quot;:1134,&quot;335559738&quot;:2}\">&nbsp;<\/span><\/p>\n<p style=\"text-align: center;\"><span style=\"font-family: tahoma, arial, helvetica, sans-serif;\" data-ccp-props=\"{&quot;134245417&quot;:false,&quot;335551550&quot;:6,&quot;335551620&quot;:6,&quot;335559685&quot;:993,&quot;335559737&quot;:567}\">&nbsp;<strong>ARTICLE 4<\/strong><\/span><\/p>\n<p><span style=\"font-family: tahoma, arial, helvetica, sans-serif;\">Le protocole du KID VTT est pris en charge par les organisateurs et les f\u00e9d\u00e9rations participantes :&nbsp;<\/span><\/p>\n<p><span style=\"font-family: tahoma, arial, helvetica, sans-serif;\">En fin de saison du kid vtt\u202f:&nbsp;<\/span><\/p>\n<p><span style=\"font-family: tahoma, arial, helvetica, sans-serif;\" data-ccp-props=\"{&quot;134245417&quot;:false,&quot;335551550&quot;:6,&quot;335551620&quot;:6,&quot;335559685&quot;:993,&quot;335559737&quot;:567}\">&nbsp;<\/span><strong><span style=\"font-family: tahoma, arial, helvetica, sans-serif;\">Les trois premiers de chaque cat\u00e9gorie seront r\u00e9compens\u00e9s.&nbsp;<\/span><\/strong><\/p>\n","protected":false},"excerpt":{"rendered":"<p>ARTICLE 1 Le KID VTT est un challenge ouvert aux licenci\u00e9s de toutes les f\u00e9d\u00e9rations cyclistes.Un classement individuel sera \u00e9tabli.&nbsp; Pour les licences non-comp\u00e9tition (UFOLEP loisir), il suffit de pr\u00e9senter un certificat m\u00e9dical de moins d\u2019un an autorisant la pratique du cyclisme en comp\u00e9tition.&nbsp; Le challenge sera compos\u00e9 pour la saison 2024\/2025 de minimum trois [&hellip;]<\/p>\n","protected":false},"author":1,"featured_media":0,"parent":0,"menu_order":0,"comment_status":"closed","ping_status":"closed","template":"","meta":{"ngg_post_thumbnail":0,"footnotes":""},"folder":[],"class_list":["post-441","page","type-page","status-publish","hentry"],"_links":{"self":[{"href":"https:\/\/aotlcyclisme.fr\/index.php\/wp-json\/wp\/v2\/pages\/441","targetHints":{"allow":["GET"]}}],"collection":[{"href":"https:\/\/aotlcyclisme.fr\/index.php\/wp-json\/wp\/v2\/pages"}],"about":[{"href":"https:\/\/aotlcyclisme.fr\/index.php\/wp-json\/wp\/v2\/types\/page"}],"author":[{"embeddable":true,"href":"https:\/\/aotlcyclisme.fr\/index.php\/wp-json\/wp\/v2\/users\/1"}],"replies":[{"embeddable":true,"href":"https:\/\/aotlcyclisme.fr\/index.php\/wp-json\/wp\/v2\/comments?post=441"}],"version-history":[{"count":5,"href":"https:\/\/aotlcyclisme.fr\/index.php\/wp-json\/wp\/v2\/pages\/441\/revisions"}],"predecessor-version":[{"id":511,"href":"https:\/\/aotlcyclisme.fr\/index.php\/wp-json\/wp\/v2\/pages\/441\/revisions\/511"}],"wp:attachment":[{"href":"https:\/\/aotlcyclisme.fr\/index.php\/wp-json\/wp\/v2\/media?parent=441"}],"wp:term":[{"taxonomy":"folder","embeddable":true,"href":"https:\/\/aotlcyclisme.fr\/index.php\/wp-json\/wp\/v2\/folder?post=441"}],"curies":[{"name":"wp","href":"https:\/\/api.w.org\/{rel}","templated":true}]}}