{"id":456,"date":"2024-10-10T07:30:54","date_gmt":"2024-10-10T05:30:54","guid":{"rendered":"https:\/\/aotlcyclisme.fr\/?page_id=456"},"modified":"2024-10-10T07:40:57","modified_gmt":"2024-10-10T05:40:57","slug":"calendrier-kid-vtt","status":"publish","type":"page","link":"https:\/\/aotlcyclisme.fr\/index.php\/calendrier-kid-vtt\/","title":{"rendered":"Calendrier KID VTT"},"content":{"rendered":"<p style=\"text-align: center;\"><span style=\"font-family: tahoma, arial, helvetica, sans-serif;\"><strong>CALENDRIER DES COURSES KID VTT 2025<\/strong><\/span><\/p>\n<p style=\"text-align: center;\"><span style=\"font-family: tahoma, arial, helvetica, sans-serif; font-size: 10pt;\"><em>(Attention ce calendrier est en cours de validation, il peut \u00eatre modifi\u00e9)<\/em><\/span><\/p>\n<ul style=\"list-style-type: square;\">\n<li>11 Novembre 2024&nbsp; &nbsp;==&gt; Beausoleil (FSGT)<\/li>\n<li><span data-contrast=\"auto\">17 novembre 2024&nbsp; &nbsp; ==&gt; Tourrette Levens (UFOLEP)<\/span><span data-ccp-props=\"{&quot;134245417&quot;:false,&quot;335559685&quot;:993,&quot;335559737&quot;:567}\">&nbsp;<\/span><\/li>\n<li><span data-ccp-props=\"{&quot;134245417&quot;:false,&quot;335559685&quot;:993,&quot;335559737&quot;:567}\">&nbsp;<\/span><span data-contrast=\"auto\">24 novembre 2024&nbsp; ==&gt; La Turbie (FSGT)<\/span><\/li>\n<li><span data-ccp-props=\"{&quot;134245417&quot;:false,&quot;335559685&quot;:993,&quot;335559737&quot;:567}\">&nbsp;<\/span><span data-contrast=\"auto\">15 decembre 2024&nbsp; &nbsp;==&gt; Ch\u00e2teauneuf Ville Vieille (FSGT) <\/span><span style=\"color: #ff0000;\"><em>\u00e0 confirmer&nbsp;<\/em><\/span><\/li>\n<li><span data-ccp-props=\"{&quot;134245417&quot;:false,&quot;335559685&quot;:993,&quot;335559737&quot;:567}\">&nbsp;<\/span><span data-contrast=\"auto\">21 decembre 2024&nbsp; &nbsp;==&gt; Ch\u00e2teau de Nice (FSGT)<\/span><\/li>\n<li><span data-ccp-props=\"{&quot;134245417&quot;:false,&quot;335559685&quot;:993,&quot;335559737&quot;:567}\">&nbsp;<\/span><span data-contrast=\"auto\">4<\/span><span data-contrast=\"auto\"> Janvier 2024&nbsp; &nbsp; &nbsp; &nbsp; &nbsp;==&gt; Mouans Sartoux (FSGT) <\/span><span style=\"color: #ff0000;\"><em>\u00e0 confirmer&nbsp;<\/em><\/span><\/li>\n<li><span data-contrast=\"auto\">12 janvier 2024&nbsp; &nbsp; &nbsp; &nbsp; &nbsp;<\/span><span data-contrast=\"auto\">==&gt; Gattiere (UFOLEP)<\/span><span data-ccp-props=\"{&quot;134245417&quot;:false,&quot;335559685&quot;:993,&quot;335559737&quot;:567}\">&nbsp;<\/span><span data-contrast=\"auto\">&nbsp;&nbsp;<\/span><span data-ccp-props=\"{&quot;134245417&quot;:false,&quot;335559685&quot;:993,&quot;335559737&quot;:567}\">&nbsp;<\/span><\/li>\n<li><span data-contrast=\"auto\">26 janvier 2024&nbsp; &nbsp; &nbsp; &nbsp; ==&gt; Peille (FSGT)&nbsp;&nbsp;<\/span><b><span data-contrast=\"none\">=&gt;remise des prix challenge<\/span><\/b><span data-ccp-props=\"{&quot;134245417&quot;:false,&quot;335559685&quot;:993,&quot;335559737&quot;:567}\">&nbsp;<\/span><\/li>\n<\/ul>\n","protected":false},"excerpt":{"rendered":"<p>CALENDRIER DES COURSES KID VTT 2025 (Attention ce calendrier est en cours de validation, il peut \u00eatre modifi\u00e9) 11 Novembre 2024&nbsp; &nbsp;==&gt; Beausoleil (FSGT) 17 novembre 2024&nbsp; &nbsp; ==&gt; Tourrette Levens (UFOLEP)&nbsp; &nbsp;24 novembre 2024&nbsp; ==&gt; La Turbie (FSGT) &nbsp;15 decembre 2024&nbsp; &nbsp;==&gt; Ch\u00e2teauneuf Ville Vieille (FSGT) \u00e0 confirmer&nbsp; &nbsp;21 decembre 2024&nbsp; &nbsp;==&gt; Ch\u00e2teau de [&hellip;]<\/p>\n","protected":false},"author":1,"featured_media":0,"parent":0,"menu_order":0,"comment_status":"closed","ping_status":"closed","template":"","meta":{"ngg_post_thumbnail":0,"footnotes":""},"folder":[],"class_list":["post-456","page","type-page","status-publish","hentry"],"_links":{"self":[{"href":"https:\/\/aotlcyclisme.fr\/index.php\/wp-json\/wp\/v2\/pages\/456","targetHints":{"allow":["GET"]}}],"collection":[{"href":"https:\/\/aotlcyclisme.fr\/index.php\/wp-json\/wp\/v2\/pages"}],"about":[{"href":"https:\/\/aotlcyclisme.fr\/index.php\/wp-json\/wp\/v2\/types\/page"}],"author":[{"embeddable":true,"href":"https:\/\/aotlcyclisme.fr\/index.php\/wp-json\/wp\/v2\/users\/1"}],"replies":[{"embeddable":true,"href":"https:\/\/aotlcyclisme.fr\/index.php\/wp-json\/wp\/v2\/comments?post=456"}],"version-history":[{"count":4,"href":"https:\/\/aotlcyclisme.fr\/index.php\/wp-json\/wp\/v2\/pages\/456\/revisions"}],"predecessor-version":[{"id":458,"href":"https:\/\/aotlcyclisme.fr\/index.php\/wp-json\/wp\/v2\/pages\/456\/revisions\/458"}],"wp:attachment":[{"href":"https:\/\/aotlcyclisme.fr\/index.php\/wp-json\/wp\/v2\/media?parent=456"}],"wp:term":[{"taxonomy":"folder","embeddable":true,"href":"https:\/\/aotlcyclisme.fr\/index.php\/wp-json\/wp\/v2\/folder?post=456"}],"curies":[{"name":"wp","href":"https:\/\/api.w.org\/{rel}","templated":true}]}}