{"id":61,"date":"2024-09-09T17:50:06","date_gmt":"2024-09-09T15:50:06","guid":{"rendered":"https:\/\/aotlcyclisme.fr\/?page_id=61"},"modified":"2024-09-15T08:13:51","modified_gmt":"2024-09-15T06:13:51","slug":"rendez-vous","status":"publish","type":"page","link":"https:\/\/aotlcyclisme.fr\/index.php\/rendez-vous\/","title":{"rendered":"Entrainement"},"content":{"rendered":"<p align=\"center\"><span style=\"font-size: 24pt;\"><strong><span style=\"font-family: tahoma, arial, helvetica, sans-serif;\">LES RDV AOTL-CYCLISME<\/span><\/strong><\/span><\/p>\n<h4 style=\"text-align: center;\"><strong>Les entrainements ont repris le samedi 14 septembre 2024 \u00e0 9h45 au stade de Brocarel.<\/strong><\/h4>\n<p>&nbsp;<\/p>\n<p align=\"center\"><span style=\"font-family: tahoma, arial, helvetica, sans-serif;\">Tous les mercredis sous r\u00e9serve d&#8217;encadrant<\/span><\/p>\n<p align=\"center\"><span style=\"font-family: tahoma, arial, helvetica, sans-serif;\">de 14 h \u00e0 16 h au stade de Brocarel<\/span><\/p>\n<p align=\"center\"><iframe loading=\"lazy\" style=\"border: 0;\" src=\"https:\/\/www.google.com\/maps\/embed?pb=!1m18!1m12!1m3!1d2879.6875587972213!2d7.271613800000001!3d43.800095899999995!2m3!1f0!2f0!3f0!3m2!1i1024!2i768!4f13.1!3m3!1m2!1s0x12cdc59de07555c9%3A0x960b29d35a09d5c9!2sStade%20Brocarel!5e0!3m2!1sfr!2sfr!4v1663053546555!5m2!1sfr!2sfr\" width=\"600\" height=\"450\" allowfullscreen=\"allowfullscreen\" data-mce-fragment=\"1\"><\/iframe><\/p>\n<p align=\"center\"><span style=\"font-family: tahoma, arial, helvetica, sans-serif;\">et<\/span><\/p>\n<p align=\"center\"><span style=\"font-family: tahoma, arial, helvetica, sans-serif;\">les samedis de 10h \u00e0 12h<\/span><\/p>\n<p align=\"center\"><span style=\"font-family: tahoma, arial, helvetica, sans-serif;\">selon rendez-vous sur <a href=\"https:\/\/www.facebook.com\/people\/AOTL-Cyclisme\/100057739294953\/\">facebook<\/a> dans l&#8217;imm\u00e9diat, puis sur un groupe d\u00e9di\u00e9 \u00e0 nos licenci\u00e9s<\/span><\/p>\n<p align=\"center\"><span style=\"font-family: tahoma, arial, helvetica, sans-serif;\">(<em><strong>pas de cours pendant la p\u00e9riode de vacances scolaires<\/strong><\/em>)<\/span><\/p>\n<p align=\"center\"><span style=\"font-family: tahoma, arial, helvetica, sans-serif;\"><strong><em>Nous joindre<\/em><\/strong> : <a href=\"mailto:contact@aotlcyclisme.fr\">contact@aotlcyclisme.fr<\/a><\/span><\/p>\n","protected":false},"excerpt":{"rendered":"<p>LES RDV AOTL-CYCLISME Les entrainements ont repris le samedi 14 septembre 2024 \u00e0 9h45 au stade de Brocarel. &nbsp; Tous les mercredis sous r\u00e9serve d&#8217;encadrant de 14 h \u00e0 16 h au stade de Brocarel et les samedis de 10h \u00e0 12h selon rendez-vous sur facebook dans l&#8217;imm\u00e9diat, puis sur un groupe d\u00e9di\u00e9 \u00e0 nos [&hellip;]<\/p>\n","protected":false},"author":1,"featured_media":0,"parent":0,"menu_order":0,"comment_status":"closed","ping_status":"closed","template":"","meta":{"ngg_post_thumbnail":0,"footnotes":""},"folder":[8],"class_list":["post-61","page","type-page","status-publish","hentry"],"_links":{"self":[{"href":"https:\/\/aotlcyclisme.fr\/index.php\/wp-json\/wp\/v2\/pages\/61","targetHints":{"allow":["GET"]}}],"collection":[{"href":"https:\/\/aotlcyclisme.fr\/index.php\/wp-json\/wp\/v2\/pages"}],"about":[{"href":"https:\/\/aotlcyclisme.fr\/index.php\/wp-json\/wp\/v2\/types\/page"}],"author":[{"embeddable":true,"href":"https:\/\/aotlcyclisme.fr\/index.php\/wp-json\/wp\/v2\/users\/1"}],"replies":[{"embeddable":true,"href":"https:\/\/aotlcyclisme.fr\/index.php\/wp-json\/wp\/v2\/comments?post=61"}],"version-history":[{"count":4,"href":"https:\/\/aotlcyclisme.fr\/index.php\/wp-json\/wp\/v2\/pages\/61\/revisions"}],"predecessor-version":[{"id":202,"href":"https:\/\/aotlcyclisme.fr\/index.php\/wp-json\/wp\/v2\/pages\/61\/revisions\/202"}],"wp:attachment":[{"href":"https:\/\/aotlcyclisme.fr\/index.php\/wp-json\/wp\/v2\/media?parent=61"}],"wp:term":[{"taxonomy":"folder","embeddable":true,"href":"https:\/\/aotlcyclisme.fr\/index.php\/wp-json\/wp\/v2\/folder?post=61"}],"curies":[{"name":"wp","href":"https:\/\/api.w.org\/{rel}","templated":true}]}}