{"id":94,"date":"2024-09-09T18:41:00","date_gmt":"2024-09-09T16:41:00","guid":{"rendered":"https:\/\/aotlcyclisme.fr\/?page_id=94"},"modified":"2024-09-10T08:26:48","modified_gmt":"2024-09-10T06:26:48","slug":"calendrier","status":"publish","type":"page","link":"https:\/\/aotlcyclisme.fr\/index.php\/calendrier\/","title":{"rendered":"Calendrier"},"content":{"rendered":"<p style=\"text-align: center;\"><span style=\"font-size: 24pt;\"><strong><span style=\"font-family: tahoma, arial, helvetica, sans-serif;\">CALENDRIER DES COURSES SAISON 2024 \/ 2025<\/span><\/strong><\/span><\/p>\n<p style=\"text-align: center;\"><img loading=\"lazy\" decoding=\"async\" class=\"alignnone wp-image-95\" src=\"http:\/\/aotlcyclisme.fr\/wp-content\/uploads\/2024\/09\/TheoEnCourse-300x182.jpg\" alt=\"\" width=\"542\" height=\"329\" srcset=\"https:\/\/aotlcyclisme.fr\/wp-content\/uploads\/2024\/09\/TheoEnCourse-300x182.jpg 300w, https:\/\/aotlcyclisme.fr\/wp-content\/uploads\/2024\/09\/TheoEnCourse-600x364.jpg 600w, https:\/\/aotlcyclisme.fr\/wp-content\/uploads\/2024\/09\/TheoEnCourse-1024x621.jpg 1024w, https:\/\/aotlcyclisme.fr\/wp-content\/uploads\/2024\/09\/TheoEnCourse-768x466.jpg 768w, https:\/\/aotlcyclisme.fr\/wp-content\/uploads\/2024\/09\/TheoEnCourse.jpg 1440w\" sizes=\"auto, (max-width: 542px) 100vw, 542px\" \/><\/p>\n<p><span style=\"font-family: tahoma, arial, helvetica, sans-serif;\">Dans cette rubrique nous avons selectionn\u00e9 des \u00e9preuves cyclisme, qui peuvent faire partie d&#8217;un d\u00e9placement club, ou qui peuvent vous donnez des id\u00e9es pour vos prochaines comp\u00e9titions.<\/span><\/p>\n<p><em><span style=\"font-family: tahoma, arial, helvetica, sans-serif;\">Les inscriptions de certaines de ces courses seront prises en charge par le club.<\/span><\/em><\/p>\n<p style=\"text-align: center;\"><em><strong><span style=\"font-family: tahoma, arial, helvetica, sans-serif;\">SEPTEMBRE 2024<\/span><\/strong><\/em><\/p>\n<table style=\"border-collapse: collapse; width: 99.6272%; height: 172px;\">\n<tbody>\n<tr style=\"height: 28px;\">\n<td style=\"width: 5.33652%; text-align: center; height: 28px;\"><span style=\"font-family: tahoma, arial, helvetica, sans-serif;\"><span style=\"font-size: 18pt; color: #808080;\"><strong>8<\/strong><\/span><br \/>\n<\/span><\/td>\n<td style=\"width: 23.2748%; text-align: center; height: 28px;\"><span style=\"font-family: tahoma, arial, helvetica, sans-serif;\">(08) Ard\u00e8che<\/span><\/td>\n<td style=\"width: 24.4235%; height: 28px;\"><span style=\"font-family: tahoma, arial, helvetica, sans-serif;\">Randonn\u00e9e VTT des 4 rivi\u00e8res<\/span><\/td>\n<td style=\"width: 23.1203%; height: 28px;\"><span style=\"font-family: tahoma, arial, helvetica, sans-serif;\">15 km- 30 km &#8211; 41 km<\/span><\/td>\n<td style=\"width: 22.9679%; height: 28px; text-align: center;\"><a href=\"http:\/\/labeaumevtt.free.fr\/\"><span style=\"font-family: tahoma, arial, helvetica, sans-serif;\">Site web organisateur<\/span><\/a><\/td>\n<\/tr>\n<tr style=\"height: 28px;\">\n<td style=\"width: 5.33652%; text-align: center; height: 28px;\"><span style=\"font-family: tahoma, arial, helvetica, sans-serif;\"><span style=\"font-size: 18pt; color: #808080;\"><strong>22<\/strong><\/span><br \/>\n<\/span><\/td>\n<td style=\"width: 23.2748%; text-align: center; height: 28px;\"><span style=\"font-family: tahoma, arial, helvetica, sans-serif;\">(83) Var<\/span><\/td>\n<td style=\"width: 24.4235%; height: 28px;\"><span style=\"font-family: tahoma, arial, helvetica, sans-serif;\">La Mauresque<\/span><\/td>\n<td style=\"width: 23.1203%; height: 28px;\"><span style=\"font-family: tahoma, arial, helvetica, sans-serif;\">Rando<\/span><\/td>\n<td style=\"width: 22.9679%; height: 28px; text-align: center;\"><span style=\"font-family: tahoma, arial, helvetica, sans-serif;\"><a href=\"https:\/\/www.veloclubvidaubannais.fr\/bulletin-inscription.html\"><span style=\"font-family: tahoma, arial, helvetica, sans-serif;\">Site web organisateur<\/span><\/a><\/span><\/td>\n<\/tr>\n<tr style=\"height: 22px;\">\n<td style=\"width: 5.33652%; text-align: center; height: 22px;\"><span style=\"font-size: 18pt; color: #808080;\"><strong><span style=\"font-family: tahoma, arial, helvetica, sans-serif;\">28<\/span><\/strong><\/span><\/td>\n<td style=\"width: 23.2748%; text-align: center; height: 22px;\"><span style=\"font-family: tahoma, arial, helvetica, sans-serif;\">(06) Alpes Maritimes<\/span><\/td>\n<td style=\"width: 24.4235%; height: 22px;\"><span style=\"font-family: tahoma, arial, helvetica, sans-serif;\">Transv\u00e9subienne<\/span><\/td>\n<td style=\"width: 23.1203%; height: 22px;\"><span style=\"font-family: tahoma, arial, helvetica, sans-serif;\">90 km &#8211; 58 km<\/span><\/td>\n<td style=\"width: 22.9679%; height: 22px; text-align: center;\"><span style=\"font-family: tahoma, arial, helvetica, sans-serif;\"><a href=\"https:\/\/www.ucc-sportevent.com\/transvesubienne\/\">&nbsp;<\/a><a href=\"https:\/\/www.ucc-sportevent.com\/transvesubienne\/\">Site web organisateur<\/a><\/span><\/td>\n<\/tr>\n<tr style=\"height: 13px;\">\n<td style=\"width: 5.33652%; text-align: center; height: 13px;\"><span style=\"font-family: tahoma, arial, helvetica, sans-serif;\"><span style=\"font-size: 18pt; color: #808080;\"><strong>28<\/strong><\/span><br \/>\n<\/span><\/td>\n<td style=\"width: 23.2748%; text-align: center; height: 13px;\"><span style=\"font-family: tahoma, arial, helvetica, sans-serif;\">(04) Alpes de Haute Provence<\/span><\/td>\n<td style=\"width: 24.4235%; height: 13px;\"><span style=\"font-family: tahoma, arial, helvetica, sans-serif; font-size: 12pt;\">Enduro des Terres noires<\/span><\/td>\n<td style=\"width: 23.1203%; height: 13px;\"><span style=\"font-family: tahoma, arial, helvetica, sans-serif;\">Enduro<\/span><\/td>\n<td style=\"width: 22.9679%; height: 13px; text-align: center;\"><span style=\"font-family: tahoma, arial, helvetica, sans-serif;\"><a href=\"https:\/\/endurodesalpes.com\/enduro-des-terres-noires\/\">&nbsp;<\/a><a href=\"https:\/\/endurodesalpes.com\/enduro-des-terres-noires\/\">Site web organisateur<\/a><\/span><\/td>\n<\/tr>\n<\/tbody>\n<\/table>\n<p style=\"text-align: center;\"><em><strong><span style=\"font-family: tahoma, arial, helvetica, sans-serif;\">OCTOBRE 2024<\/span><\/strong><\/em><\/p>\n<table style=\"border-collapse: collapse; width: 99.7099%;\">\n<tbody>\n<tr>\n<td style=\"width: 5.35487%; text-align: center;\"><span style=\"color: #808080; font-family: tahoma, arial, helvetica, sans-serif;\"><span style=\"font-size: 24px;\"><b>1<\/b><\/span><\/span><\/td>\n<td style=\"width: 23.4996%; text-align: center;\"><span style=\"font-family: tahoma, arial, helvetica, sans-serif;\">(38) is\u00e8re<\/span><\/td>\n<td style=\"width: 24.5872%;\"><span style=\"font-family: tahoma, arial, helvetica, sans-serif;\">1er Randosier<\/span><\/td>\n<td style=\"width: 23.1942%;\"><span style=\"font-family: tahoma, arial, helvetica, sans-serif;\">17 km &#8211; 24 km &#8211; 36 km<\/span><\/td>\n<td style=\"width: 23.074%; text-align: center;\"><a href=\"https:\/\/www.facebook.com\/comitedesfete.notredamedelosier\"><span style=\"font-family: tahoma, arial, helvetica, sans-serif;\">&nbsp;<\/span><\/a><span style=\"font-family: tahoma, arial, helvetica, sans-serif;\"><a href=\"https:\/\/www.facebook.com\/comitedesfete.notredamedelosier\">Site web organisateur<\/a><\/span><\/td>\n<\/tr>\n<tr>\n<td style=\"width: 5.35487%; text-align: center;\"><span style=\"font-family: tahoma, arial, helvetica, sans-serif;\"><span style=\"font-size: 18pt; color: #808080;\"><strong>6<\/strong><\/span><\/span><\/td>\n<td style=\"width: 23.4996%; text-align: center;\"><span style=\"font-family: tahoma, arial, helvetica, sans-serif;\">(05) Hautes Alpes&nbsp;<\/span><\/td>\n<td style=\"width: 24.5872%;\"><span style=\"font-family: tahoma, arial, helvetica, sans-serif;\">&nbsp;La RoulePasPerso<\/span><\/td>\n<td style=\"width: 23.1942%;\"><span style=\"font-family: tahoma, arial, helvetica, sans-serif;\">14 km &#8211; 22 km &#8211; 29 km &#8211; 39 km<\/span><\/td>\n<td style=\"width: 23.074%; text-align: center;\"><a href=\"https:\/\/www.roulepasperso.fr\/2024\"><span style=\"font-family: tahoma, arial, helvetica, sans-serif;\">&nbsp;<\/span><\/a><span style=\"font-family: tahoma, arial, helvetica, sans-serif;\"><a href=\"https:\/\/www.roulepasperso.fr\/2024\">Site web organisateur<\/a><\/span><\/td>\n<\/tr>\n<tr>\n<td style=\"width: 5.35487%; text-align: center;\"><span style=\"font-family: tahoma, arial, helvetica, sans-serif;\"><span style=\"font-size: 18pt; color: #808080;\"><strong>6<\/strong><\/span><\/span><\/td>\n<td style=\"width: 23.4996%; text-align: center;\"><span style=\"font-family: tahoma, arial, helvetica, sans-serif;\">(13) Bouches du Rh\u00f4ne<\/span><\/td>\n<td style=\"width: 24.5872%;\"><span style=\"font-family: tahoma, arial, helvetica, sans-serif;\">La 20\u00e8me Lambescaine<\/span><\/td>\n<td style=\"width: 23.1942%;\"><span style=\"font-family: tahoma, arial, helvetica, sans-serif;\">12 km &#8211; 22 km &#8211; 30 km &#8211; 42 km<\/span><\/td>\n<td style=\"width: 23.074%; text-align: center;\"><a href=\"https:\/\/www.cyclo-club-lambesc.net\/\"><span style=\"font-family: tahoma, arial, helvetica, sans-serif;\">&nbsp;<\/span><\/a><span style=\"font-family: tahoma, arial, helvetica, sans-serif;\"><a href=\"https:\/\/www.cyclo-club-lambesc.net\/\">Site web organisateur<\/a><\/span><\/td>\n<\/tr>\n<\/tbody>\n<\/table>\n<p>&nbsp;<\/p>\n<p style=\"text-align: center;\"><em><strong><span style=\"font-family: tahoma, arial, helvetica, sans-serif;\">NOVEMBRE 2024<\/span><\/strong><\/em><\/p>\n<p>&nbsp;<\/p>\n<p style=\"text-align: center;\"><em><strong><span style=\"font-family: tahoma, arial, helvetica, sans-serif;\">DECEMBRE 2024<\/span><\/strong><\/em><\/p>\n<p>&nbsp;<\/p>\n<p style=\"text-align: center;\"><em><strong><span style=\"font-family: tahoma, arial, helvetica, sans-serif;\">JANVIER 2025<\/span><\/strong><\/em><\/p>\n<p>&nbsp;<\/p>\n<p style=\"text-align: center;\"><em><strong><span style=\"font-family: tahoma, arial, helvetica, sans-serif;\">FEVRIER 2025<\/span><\/strong><\/em><\/p>\n<p>&nbsp;<\/p>\n<p style=\"text-align: center;\"><em><strong><span style=\"font-family: tahoma, arial, helvetica, sans-serif;\">MARS 2025<\/span><\/strong><\/em><\/p>\n<p>&nbsp;<\/p>\n<p style=\"text-align: center;\"><em><strong><span style=\"font-family: tahoma, arial, helvetica, sans-serif;\">AVRIL 2025<\/span><\/strong><\/em><\/p>\n<p>&nbsp;<\/p>\n<p style=\"text-align: center;\"><em><strong><span style=\"font-family: tahoma, arial, helvetica, sans-serif;\">MAI 2025<\/span><\/strong><\/em><\/p>\n<p>&nbsp;<\/p>\n<p style=\"text-align: center;\"><em><strong><span style=\"font-family: tahoma, arial, helvetica, sans-serif;\">JUIN 2025<\/span><\/strong><\/em><\/p>\n<p>&nbsp;<\/p>\n<p style=\"text-align: center;\"><em><strong><span style=\"font-family: tahoma, arial, helvetica, sans-serif;\">JUILLET 2025<\/span><\/strong><\/em><\/p>\n<p>&nbsp;<\/p>\n<p style=\"text-align: center;\"><em><strong><span style=\"font-family: tahoma, arial, helvetica, sans-serif;\">AOUT 2025<\/span><\/strong><\/em><\/p>\n","protected":false},"excerpt":{"rendered":"<p>CALENDRIER DES COURSES SAISON 2024 \/ 2025 Dans cette rubrique nous avons selectionn\u00e9 des \u00e9preuves cyclisme, qui peuvent faire partie d&#8217;un d\u00e9placement club, ou qui peuvent vous donnez des id\u00e9es pour vos prochaines comp\u00e9titions. Les inscriptions de certaines de ces courses seront prises en charge par le club. SEPTEMBRE 2024 8 (08) Ard\u00e8che Randonn\u00e9e VTT [&hellip;]<\/p>\n","protected":false},"author":1,"featured_media":0,"parent":0,"menu_order":0,"comment_status":"closed","ping_status":"closed","template":"","meta":{"ngg_post_thumbnail":0,"footnotes":""},"folder":[8],"class_list":["post-94","page","type-page","status-publish","hentry"],"_links":{"self":[{"href":"https:\/\/aotlcyclisme.fr\/index.php\/wp-json\/wp\/v2\/pages\/94","targetHints":{"allow":["GET"]}}],"collection":[{"href":"https:\/\/aotlcyclisme.fr\/index.php\/wp-json\/wp\/v2\/pages"}],"about":[{"href":"https:\/\/aotlcyclisme.fr\/index.php\/wp-json\/wp\/v2\/types\/page"}],"author":[{"embeddable":true,"href":"https:\/\/aotlcyclisme.fr\/index.php\/wp-json\/wp\/v2\/users\/1"}],"replies":[{"embeddable":true,"href":"https:\/\/aotlcyclisme.fr\/index.php\/wp-json\/wp\/v2\/comments?post=94"}],"version-history":[{"count":20,"href":"https:\/\/aotlcyclisme.fr\/index.php\/wp-json\/wp\/v2\/pages\/94\/revisions"}],"predecessor-version":[{"id":120,"href":"https:\/\/aotlcyclisme.fr\/index.php\/wp-json\/wp\/v2\/pages\/94\/revisions\/120"}],"wp:attachment":[{"href":"https:\/\/aotlcyclisme.fr\/index.php\/wp-json\/wp\/v2\/media?parent=94"}],"wp:term":[{"taxonomy":"folder","embeddable":true,"href":"https:\/\/aotlcyclisme.fr\/index.php\/wp-json\/wp\/v2\/folder?post=94"}],"curies":[{"name":"wp","href":"https:\/\/api.w.org\/{rel}","templated":true}]}}